{"id":1154,"date":"2022-02-08T11:02:19","date_gmt":"2022-02-08T11:02:19","guid":{"rendered":"https:\/\/capella-vocale.de\/?page_id=1154"},"modified":"2022-02-08T15:59:58","modified_gmt":"2022-02-08T15:59:58","slug":"musikbeispiele","status":"publish","type":"page","link":"https:\/\/capella-vocale.de\/?page_id=1154","title":{"rendered":"Musikbeispiele"},"content":{"rendered":"\n<p>Die Capella-Vocale hat \u00fcber die Jahrzehnte unter verschiedener Leitung und mit unterschiedlicher Besetzung eine Reihe von Musikaufnahmen und CD-Produktionen erstellt, die teilweise noch erh\u00e4ltlich sind. <\/p>\n\n\n\n<p>Einen kleinen H\u00f6reindruck (Ausschnitte) k\u00f6nnen sie hier bekommen. <\/p>\n\n\n\n<figure class=\"wp-block-audio\"><audio controls src=\"https:\/\/capella-vocale.de\/wp-content\/uploads\/2021\/07\/Capella-Vocale-MS-Wassail.mp3\"><\/audio><figcaption>Ralph Vaughan Williams: Wassail ! (2013)<\/figcaption><\/figure>\n\n\n\n<figure class=\"wp-block-audio\"><audio controls src=\"https:\/\/capella-vocale.de\/wp-content\/uploads\/2021\/07\/Capella-Vocale-MS-Silent-night.mp3\"><\/audio><figcaption>Gene Puerling: Silent Night (2013)<\/figcaption><\/figure>\n\n\n\n<figure class=\"wp-block-audio\"><audio controls src=\"https:\/\/capella-vocale.de\/wp-content\/uploads\/2021\/07\/Capella-Vocale-MS-O-come-all-ye-faithful.mp3\"><\/audio><figcaption>Martin Stegmann (Satz): Come, all ye Faithful<\/figcaption><\/figure>\n\n\n\n<figure class=\"wp-block-audio\"><audio controls src=\"https:\/\/capella-vocale.de\/wp-content\/uploads\/2021\/07\/Capella-Vocale-MS-Nyt-ilovirtta\u0308-veisaten.mp3\"><\/audio><figcaption>Juhani Komulainen:  Nyt ilovirtt\u00e4 veisaten (2013)<\/figcaption><\/figure>\n\n\n\n<figure class=\"wp-block-audio\"><audio controls src=\"https:\/\/capella-vocale.de\/wp-content\/uploads\/2021\/07\/Capella-Vocale-MS-Deck-the-hall.mp3\"><\/audio><figcaption>John Rutter: Deck the hall (2013)<\/figcaption><\/figure>\n\n\n\n<figure class=\"wp-block-audio\"><audio controls src=\"https:\/\/capella-vocale.de\/wp-content\/uploads\/2021\/07\/Capella-Vocale-MS-Ave-maris-stella.mp3\"><\/audio><figcaption>Edvard Grieg: Ave Maris Stella (2013)<\/figcaption><\/figure>\n\n\n\n<figure class=\"wp-block-audio\"><audio controls src=\"https:\/\/capella-vocale.de\/wp-content\/uploads\/2021\/07\/Capella-Vocale-MS-Schlaf-wohl-du-Himmelsknabe-du.mp3\"><\/audio><figcaption>Hugh Keyte  \/ Andrew Parrott:  Schlaf wohl, du Himmelsknabe (2013)<\/figcaption><\/figure>\n\n\n\n<p><\/p>\n","protected":false},"excerpt":{"rendered":"<p>Die Capella-Vocale hat \u00fcber die Jahrzehnte unter verschiedener Leitung und mit unterschiedlicher Besetzung eine Reihe von Musikaufnahmen und CD-Produktionen erstellt, die teilweise noch erh\u00e4ltlich sind. Einen kleinen H\u00f6reindruck (Ausschnitte) k\u00f6nnen sie hier bekommen.<\/p>\n","protected":false},"author":1,"featured_media":0,"parent":0,"menu_order":0,"comment_status":"closed","ping_status":"closed","template":"","meta":{"footnotes":""},"class_list":["post-1154","page","type-page","status-publish","hentry"],"_links":{"self":[{"href":"https:\/\/capella-vocale.de\/index.php?rest_route=\/wp\/v2\/pages\/1154","targetHints":{"allow":["GET"]}}],"collection":[{"href":"https:\/\/capella-vocale.de\/index.php?rest_route=\/wp\/v2\/pages"}],"about":[{"href":"https:\/\/capella-vocale.de\/index.php?rest_route=\/wp\/v2\/types\/page"}],"author":[{"embeddable":true,"href":"https:\/\/capella-vocale.de\/index.php?rest_route=\/wp\/v2\/users\/1"}],"replies":[{"embeddable":true,"href":"https:\/\/capella-vocale.de\/index.php?rest_route=%2Fwp%2Fv2%2Fcomments&post=1154"}],"version-history":[{"count":3,"href":"https:\/\/capella-vocale.de\/index.php?rest_route=\/wp\/v2\/pages\/1154\/revisions"}],"predecessor-version":[{"id":1163,"href":"https:\/\/capella-vocale.de\/index.php?rest_route=\/wp\/v2\/pages\/1154\/revisions\/1163"}],"wp:attachment":[{"href":"https:\/\/capella-vocale.de\/index.php?rest_route=%2Fwp%2Fv2%2Fmedia&parent=1154"}],"curies":[{"name":"wp","href":"https:\/\/api.w.org\/{rel}","templated":true}]}}