{"id":1226,"date":"2022-11-08T15:30:50","date_gmt":"2022-11-08T15:30:50","guid":{"rendered":"https:\/\/capella-vocale.de\/?page_id=1226"},"modified":"2026-03-13T15:50:11","modified_gmt":"2026-03-13T15:50:11","slug":"vergangene-konzerte","status":"publish","type":"page","link":"https:\/\/capella-vocale.de\/?page_id=1226","title":{"rendered":"Vergangene Konzerte"},"content":{"rendered":"\n<p class=\"has-medium-font-size\"><mark style=\"background-color:rgba(0, 0, 0, 0)\" class=\"has-inline-color has-black-color\">Requiem von Johannes Brahms<\/mark><\/p>\n\n\n\n<p>Die Capella Vocale hat das &#8222;Requiem&#8220; von Johannes Brahms zwei Mal aufgef\u00fchrt. Sie wurde dabei unterst\u00fctzt von S\u00e4ngerInnen der Gesangsklasse Ludger Breimann.<\/p>\n\n\n\n<p class=\"has-black-color has-text-color has-link-color wp-elements-cf01513eff57973f3bb705032f0e1d24\"><strong>Samstag 8. November 2025 um 18 Uhr in der Petrikirche M\u00fcnster<\/strong><br>mit <em>Sunghye Shin<\/em>, Sopran, <em>Junsung Jeon<\/em>, Bariton und <em>Eunae Yun<\/em>, Piano.<\/p>\n\n\n\n<p><a href=\"https:\/\/capella-vocale.de\/wp-content\/uploads\/2025\/09\/Programm_Brahms_Requiem_MS.pdf\">Programmheft zum Brahms Requiem<\/a><\/p>\n\n\n\n<p class=\"has-black-color has-text-color has-link-color wp-elements-186cd1e978c2fff8cc217a78e73ff1b8\"><strong>Sonntag 9. November 2025 um 17 Uhr in St. Victor D\u00fclmen.<\/strong><br>mit <em>Elke Ahillen<\/em>, Sopran, <em>Stefan Drees,<\/em> Bariton, und <em>Eunae Yun<\/em>, Piano.<\/p>\n\n\n\n<p>Die Leitung hatte <em>Brigitte Stumpf-Gieselmann<\/em>.<\/p>\n\n\n\n<figure class=\"wp-block-image size-large\"><img loading=\"lazy\" decoding=\"async\" width=\"724\" height=\"1024\" src=\"https:\/\/capella-vocale.de\/wp-content\/uploads\/2025\/09\/plakat_capella25_BrahmsMs-724x1024.jpg\" alt=\"\" class=\"wp-image-1342\" srcset=\"https:\/\/capella-vocale.de\/wp-content\/uploads\/2025\/09\/plakat_capella25_BrahmsMs-724x1024.jpg 724w, https:\/\/capella-vocale.de\/wp-content\/uploads\/2025\/09\/plakat_capella25_BrahmsMs-212x300.jpg 212w, https:\/\/capella-vocale.de\/wp-content\/uploads\/2025\/09\/plakat_capella25_BrahmsMs-768x1086.jpg 768w, https:\/\/capella-vocale.de\/wp-content\/uploads\/2025\/09\/plakat_capella25_BrahmsMs.jpg 1052w\" sizes=\"auto, (max-width: 724px) 100vw, 724px\" \/><\/figure>\n\n\n\n<h2 class=\"wp-block-heading\">Kaleidoskop Europa<\/h2>\n\n\n\n<p>Dieses farbenfrohe, abwechslungsreiche Programm der &#8222;Capella Vocale&#8220; f\u00fchrte durch verschiedene Jahrhunderte europ\u00e4ischer Volks- und Kunstmusik.\u2028 Die Reise ging von Skandinavien bis zum Mittelmeer und von der Ukraine im Osten bis nach Irland im Westen. Verbindend dabei waren die Musik, die Natur, die Liebe. Auf der Reise trafen Chor und Publikum in Spanien auch auf das Gitarrenquartett der Musikschule Nienberge unter der Leitung von Stephan Beck.<\/p>\n\n\n\n<figure class=\"wp-block-image size-large\"><img loading=\"lazy\" decoding=\"async\" width=\"724\" height=\"1024\" src=\"https:\/\/capella-vocale.de\/wp-content\/uploads\/2025\/01\/plakat_capella1_25-724x1024.png\" alt=\"\" class=\"wp-image-1307\" srcset=\"https:\/\/capella-vocale.de\/wp-content\/uploads\/2025\/01\/plakat_capella1_25-724x1024.png 724w, https:\/\/capella-vocale.de\/wp-content\/uploads\/2025\/01\/plakat_capella1_25-212x300.png 212w, https:\/\/capella-vocale.de\/wp-content\/uploads\/2025\/01\/plakat_capella1_25-768x1086.png 768w, https:\/\/capella-vocale.de\/wp-content\/uploads\/2025\/01\/plakat_capella1_25.png 842w\" sizes=\"auto, (max-width: 724px) 100vw, 724px\" \/><\/figure>\n\n\n\n<h3 class=\"wp-block-heading\"><strong>&#8222;H\u00f6re Israel&#8220; &#8211; Geistliche Abendmusik am Sonntag 17.11.24<\/strong><\/h3>\n\n\n\n<figure class=\"wp-block-image size-large\"><img loading=\"lazy\" decoding=\"async\" width=\"725\" height=\"1024\" src=\"https:\/\/capella-vocale.de\/wp-content\/uploads\/2024\/11\/Hoere-Israel_kl-725x1024.jpg\" alt=\"\" class=\"wp-image-1303\" srcset=\"https:\/\/capella-vocale.de\/wp-content\/uploads\/2024\/11\/Hoere-Israel_kl-725x1024.jpg 725w, https:\/\/capella-vocale.de\/wp-content\/uploads\/2024\/11\/Hoere-Israel_kl-212x300.jpg 212w, https:\/\/capella-vocale.de\/wp-content\/uploads\/2024\/11\/Hoere-Israel_kl-768x1085.jpg 768w, https:\/\/capella-vocale.de\/wp-content\/uploads\/2024\/11\/Hoere-Israel_kl.jpg 992w\" sizes=\"auto, (max-width: 725px) 100vw, 725px\" \/><\/figure>\n\n\n\n<h3 class=\"wp-block-heading\"><strong>Konzert in Haltern<\/strong> <strong>am 12.5.2024<\/strong><\/h3>\n\n\n\n<figure class=\"wp-block-image size-full\"><img loading=\"lazy\" decoding=\"async\" width=\"709\" height=\"946\" src=\"https:\/\/capella-vocale.de\/wp-content\/uploads\/2024\/04\/Chorkonzert-Plakat.png\" alt=\"\" class=\"wp-image-1297\" srcset=\"https:\/\/capella-vocale.de\/wp-content\/uploads\/2024\/04\/Chorkonzert-Plakat.png 709w, https:\/\/capella-vocale.de\/wp-content\/uploads\/2024\/04\/Chorkonzert-Plakat-225x300.png 225w\" sizes=\"auto, (max-width: 709px) 100vw, 709px\" \/><\/figure>\n\n\n\n<p>Das Konzert der Capella Vocale in Haltern stand unter der Leitung von Brigitte Stumpf-Gieselmann. Der Chor hat geistliche und weltliche A-Capella-Musik zur Auff\u00fchrung gebracht.<\/p>\n\n\n\n<p>Im Mittelpunkt der geistlichen Musik stand Bachs eher unbekannte Motette &#8222;Ich lasse dich nicht, du segnest mich denn&#8220;, aber auch zwei f\u00fcnfstimmige Motetten von Henry Purcell erklangen. Der zeitliche Bogen war weit gespannt bis zu geistlichen Chorst\u00fccken von Ola Gjeilo (*1978) und Vytautaus Miskinis (*1954) sowie dem anspruchsvollen St\u00fcck &#8222;The Te Deum of Sandor Sik&#8220; von Zoltan Kodaly (1882\u20131967). Der Chor hatte auch einige Fr\u00fchlingslieder ins Programm eingewoben und lud bei zwei Kanons das Publikum zum Mitsingen ein.<\/p>\n\n\n\n<h3 class=\"wp-block-heading\"><strong>Konzert mit Geistlicher Musik, 25.2.2024 in M\u00fcnster-Hiltrup<\/strong><\/h3>\n\n\n\n<figure class=\"wp-block-image size-large\"><img loading=\"lazy\" decoding=\"async\" width=\"724\" height=\"1024\" src=\"https:\/\/capella-vocale.de\/wp-content\/uploads\/2024\/02\/plakat_capella_klein-724x1024.png\" alt=\"\" class=\"wp-image-1291\" srcset=\"https:\/\/capella-vocale.de\/wp-content\/uploads\/2024\/02\/plakat_capella_klein-724x1024.png 724w, https:\/\/capella-vocale.de\/wp-content\/uploads\/2024\/02\/plakat_capella_klein-212x300.png 212w, https:\/\/capella-vocale.de\/wp-content\/uploads\/2024\/02\/plakat_capella_klein-768x1086.png 768w, https:\/\/capella-vocale.de\/wp-content\/uploads\/2024\/02\/plakat_capella_klein.png 835w\" sizes=\"auto, (max-width: 724px) 100vw, 724px\" \/><\/figure>\n\n\n\n<p>Das Konzert des M\u00fcnsteraner Chores \u201eCapella Vocale\u201c pr\u00e4sentierte geistliche Musik aus verschiedenen Jahrhunderten. Die Musik spannte einen zeitlichen Bogen vom englischen Barock des ausgehenden 17. Jahrhunderts bis in die Gegenwart und stammte aus verschiedenen Regionen Europas: von England \u00fcber Deutschland in Barock und Romantik bis Ungarn und Litauen der Gegenwart.<br>Die A-Capella-Chorst\u00fccke wurden bereichert von einigen Orgelwerken, die Henk Plas an der Orgel der St. Clemens Kirche spielte.<\/p>\n\n\n\n<p><\/p>\n\n\n\n<h3 class=\"wp-block-heading\"><strong>Sommerkonzert 2023<\/strong><\/h3>\n\n\n\n<p>Sonntag, den 11.06.2023, 17 Uhr, Burg L\u00fcdinghausen: <br><strong>\u201eVon Lust und Leid. Ein musikalischer Abend auf der Burg.\u201c<\/strong><\/p>\n\n\n\n<figure class=\"wp-block-image size-large\"><img loading=\"lazy\" decoding=\"async\" width=\"724\" height=\"1024\" src=\"https:\/\/capella-vocale.de\/wp-content\/uploads\/2023\/04\/plakat_capella_2023a_web-724x1024.jpg\" alt=\"\" class=\"wp-image-1239\" srcset=\"https:\/\/capella-vocale.de\/wp-content\/uploads\/2023\/04\/plakat_capella_2023a_web-724x1024.jpg 724w, https:\/\/capella-vocale.de\/wp-content\/uploads\/2023\/04\/plakat_capella_2023a_web-212x300.jpg 212w, https:\/\/capella-vocale.de\/wp-content\/uploads\/2023\/04\/plakat_capella_2023a_web-768x1086.jpg 768w, https:\/\/capella-vocale.de\/wp-content\/uploads\/2023\/04\/plakat_capella_2023a_web.jpg 842w\" sizes=\"auto, (max-width: 724px) 100vw, 724px\" \/><\/figure>\n\n\n\n<p>Die Zuh\u00f6rer erlebten ein musikalisches Fest. Dabei bebilderte die Musik Ereignisse und Stimmungen, die bei einem geselligen Treffen von Freunden auftreten k\u00f6nnen: von Gesellschaftstratsch \u00fcber emotionale Wechselb\u00e4der zu purer Lebensfreude, aber auch zu melancholischen T\u00f6nen und Gruselgeschichten. Dazu erklangen Chorst\u00fccke und Sololieder aus der Renaissance und der Romantik. F\u00fcr die Zuh\u00f6rer gab es gelegentlich kleine \u00dcberraschungen zum Mitmachen.<\/p>\n\n\n\n<h3 class=\"wp-block-heading\"><strong>Adventskonzert 2022<\/strong><\/h3>\n\n\n\n<p>Samstag 26.11.2022 um 19 Uhr in der Lukaskirche, M\u00fcnster (Von-Esmarch-Stra\u00dfe 1).<\/p>\n\n\n\n<figure class=\"wp-block-image size-full\"><img loading=\"lazy\" decoding=\"async\" width=\"709\" height=\"531\" src=\"https:\/\/capella-vocale.de\/wp-content\/uploads\/2022\/11\/Adventskonzert_kl.jpg\" alt=\"\" class=\"wp-image-1231\" srcset=\"https:\/\/capella-vocale.de\/wp-content\/uploads\/2022\/11\/Adventskonzert_kl.jpg 709w, https:\/\/capella-vocale.de\/wp-content\/uploads\/2022\/11\/Adventskonzert_kl-300x225.jpg 300w\" sizes=\"auto, (max-width: 709px) 100vw, 709px\" \/><\/figure>\n\n\n\n<h2 class=\"wp-block-heading\"><strong>Jahreskonzert 2022<\/strong><\/h2>\n\n\n\n<figure class=\"wp-block-image size-large\"><img loading=\"lazy\" decoding=\"async\" width=\"724\" height=\"1024\" src=\"https:\/\/capella-vocale.de\/wp-content\/uploads\/2022\/08\/capella_plakat-01-724x1024.png\" alt=\"\" class=\"wp-image-1209\" srcset=\"https:\/\/capella-vocale.de\/wp-content\/uploads\/2022\/08\/capella_plakat-01-724x1024.png 724w, https:\/\/capella-vocale.de\/wp-content\/uploads\/2022\/08\/capella_plakat-01-212x300.png 212w, https:\/\/capella-vocale.de\/wp-content\/uploads\/2022\/08\/capella_plakat-01-768x1086.png 768w, https:\/\/capella-vocale.de\/wp-content\/uploads\/2022\/08\/capella_plakat-01-600x849.png 600w, https:\/\/capella-vocale.de\/wp-content\/uploads\/2022\/08\/capella_plakat-01.png 842w\" sizes=\"auto, (max-width: 724px) 100vw, 724px\" \/><\/figure>\n\n\n\n<p><\/p>\n","protected":false},"excerpt":{"rendered":"<p>Requiem von Johannes Brahms Die Capella Vocale hat das &#8222;Requiem&#8220; von Johannes Brahms zwei Mal aufgef\u00fchrt. Sie wurde dabei unterst\u00fctzt von S\u00e4ngerInnen der Gesangsklasse Ludger Breimann. Samstag 8. November 2025 um 18 Uhr in der Petrikirche M\u00fcnstermit Sunghye Shin, Sopran, Junsung Jeon, Bariton und Eunae Yun, Piano. Programmheft zum Brahms Requiem Sonntag 9. November 2025 &hellip; <\/p>\n<p class=\"link-more\"><a href=\"https:\/\/capella-vocale.de\/?page_id=1226\" class=\"more-link\"><span class=\"screen-reader-text\">\u201eVergangene Konzerte\u201c <\/span>weiterlesen<\/a><\/p>\n","protected":false},"author":1,"featured_media":0,"parent":0,"menu_order":0,"comment_status":"closed","ping_status":"closed","template":"","meta":{"footnotes":""},"class_list":["post-1226","page","type-page","status-publish","hentry"],"_links":{"self":[{"href":"https:\/\/capella-vocale.de\/index.php?rest_route=\/wp\/v2\/pages\/1226","targetHints":{"allow":["GET"]}}],"collection":[{"href":"https:\/\/capella-vocale.de\/index.php?rest_route=\/wp\/v2\/pages"}],"about":[{"href":"https:\/\/capella-vocale.de\/index.php?rest_route=\/wp\/v2\/types\/page"}],"author":[{"embeddable":true,"href":"https:\/\/capella-vocale.de\/index.php?rest_route=\/wp\/v2\/users\/1"}],"replies":[{"embeddable":true,"href":"https:\/\/capella-vocale.de\/index.php?rest_route=%2Fwp%2Fv2%2Fcomments&post=1226"}],"version-history":[{"count":14,"href":"https:\/\/capella-vocale.de\/index.php?rest_route=\/wp\/v2\/pages\/1226\/revisions"}],"predecessor-version":[{"id":1364,"href":"https:\/\/capella-vocale.de\/index.php?rest_route=\/wp\/v2\/pages\/1226\/revisions\/1364"}],"wp:attachment":[{"href":"https:\/\/capella-vocale.de\/index.php?rest_route=%2Fwp%2Fv2%2Fmedia&parent=1226"}],"curies":[{"name":"wp","href":"https:\/\/api.w.org\/{rel}","templated":true}]}}